{"id":918,"date":"2025-11-12T15:33:08","date_gmt":"2025-11-12T14:33:08","guid":{"rendered":"https:\/\/brasserie-dominicains.fr\/histoire-2\/"},"modified":"2025-11-14T18:57:32","modified_gmt":"2025-11-14T17:57:32","slug":"histoire","status":"publish","type":"page","link":"https:\/\/brasserie-dominicains.fr\/en\/histoire\/","title":{"rendered":"Notre histoire"},"content":{"rendered":"\n\n\n\n\n\n","protected":false},"excerpt":{"rendered":"","protected":false},"author":1,"featured_media":0,"parent":0,"menu_order":0,"comment_status":"closed","ping_status":"closed","template":"full-width","meta":{"saved_in_kubio":true,"_seopress_robots_primary_cat":"","_seopress_titles_title":"Histoire du Bierstub colmarien embl\u00e9matique du centre ville","_seopress_titles_desc":"D\u00e9couvrez l'histoire du bierstub embl\u00e9matique au coeur de Colmar. L'esprit de convivialit\u00e9 alsacien renait dans un haut-lieu historique du centre-ville.","_seopress_robots_index":"","_seopress_analysis_target_kw":"Bierstub,colmar","footnotes":""},"class_list":["post-918","page","type-page","status-publish","hentry"],"kubio_ai_page_context":{"short_desc":"","purpose":"general"},"_links":{"self":[{"href":"https:\/\/brasserie-dominicains.fr\/en\/wp-json\/wp\/v2\/pages\/918","targetHints":{"allow":["GET"]}}],"collection":[{"href":"https:\/\/brasserie-dominicains.fr\/en\/wp-json\/wp\/v2\/pages"}],"about":[{"href":"https:\/\/brasserie-dominicains.fr\/en\/wp-json\/wp\/v2\/types\/page"}],"author":[{"embeddable":true,"href":"https:\/\/brasserie-dominicains.fr\/en\/wp-json\/wp\/v2\/users\/1"}],"replies":[{"embeddable":true,"href":"https:\/\/brasserie-dominicains.fr\/en\/wp-json\/wp\/v2\/comments?post=918"}],"version-history":[{"count":10,"href":"https:\/\/brasserie-dominicains.fr\/en\/wp-json\/wp\/v2\/pages\/918\/revisions"}],"predecessor-version":[{"id":1163,"href":"https:\/\/brasserie-dominicains.fr\/en\/wp-json\/wp\/v2\/pages\/918\/revisions\/1163"}],"wp:attachment":[{"href":"https:\/\/brasserie-dominicains.fr\/en\/wp-json\/wp\/v2\/media?parent=918"}],"curies":[{"name":"wp","href":"https:\/\/api.w.org\/{rel}","templated":true}]}}