{"id":848,"date":"2025-11-12T14:31:25","date_gmt":"2025-11-12T13:31:25","guid":{"rendered":"https:\/\/brasserie-dominicains.fr\/front_page\/"},"modified":"2026-03-19T17:42:15","modified_gmt":"2026-03-19T16:42:15","slug":"front_page","status":"publish","type":"page","link":"https:\/\/brasserie-dominicains.fr\/en\/","title":{"rendered":"Accueil"},"content":{"rendered":"\n\n\n\n\n\n\n\n\n\n\n\n","protected":false},"excerpt":{"rendered":"","protected":false},"author":1,"featured_media":0,"parent":0,"menu_order":0,"comment_status":"closed","ping_status":"closed","template":"","meta":{"saved_in_kubio":true,"_seopress_robots_primary_cat":"","_seopress_titles_title":"Brasserie alsacienne restaurant Les Dominicains \u00e0 Colmar","_seopress_titles_desc":"Brasserie les Dominicains \u00e0 Colmar. Restaurant bierstub winstub de sp\u00e9cialit\u00e9s alsaciennes, tartes flamb\u00e9es, choucroute, bi\u00e8res artisanales locales.","_seopress_robots_index":"","_seopress_analysis_target_kw":"brasserie,restaurant,Colmar","footnotes":""},"class_list":["post-848","page","type-page","status-publish","hentry"],"kubio_ai_page_context":{"short_desc":"","purpose":"general"},"_links":{"self":[{"href":"https:\/\/brasserie-dominicains.fr\/en\/wp-json\/wp\/v2\/pages\/848","targetHints":{"allow":["GET"]}}],"collection":[{"href":"https:\/\/brasserie-dominicains.fr\/en\/wp-json\/wp\/v2\/pages"}],"about":[{"href":"https:\/\/brasserie-dominicains.fr\/en\/wp-json\/wp\/v2\/types\/page"}],"author":[{"embeddable":true,"href":"https:\/\/brasserie-dominicains.fr\/en\/wp-json\/wp\/v2\/users\/1"}],"replies":[{"embeddable":true,"href":"https:\/\/brasserie-dominicains.fr\/en\/wp-json\/wp\/v2\/comments?post=848"}],"version-history":[{"count":42,"href":"https:\/\/brasserie-dominicains.fr\/en\/wp-json\/wp\/v2\/pages\/848\/revisions"}],"predecessor-version":[{"id":1296,"href":"https:\/\/brasserie-dominicains.fr\/en\/wp-json\/wp\/v2\/pages\/848\/revisions\/1296"}],"wp:attachment":[{"href":"https:\/\/brasserie-dominicains.fr\/en\/wp-json\/wp\/v2\/media?parent=848"}],"curies":[{"name":"wp","href":"https:\/\/api.w.org\/{rel}","templated":true}]}}