{"id":1086,"date":"2025-11-13T18:01:39","date_gmt":"2025-11-13T17:01:39","guid":{"rendered":"https:\/\/brasserie-dominicains.fr\/?page_id=1086"},"modified":"2026-04-04T11:01:38","modified_gmt":"2026-04-04T09:01:38","slug":"menu-en-espanol","status":"publish","type":"page","link":"https:\/\/brasserie-dominicains.fr\/en\/menu-en-espanol\/","title":{"rendered":"men\u00fa en espa\u00f1ol"},"content":{"rendered":"\n\n\n\n","protected":false},"excerpt":{"rendered":"","protected":false},"author":1,"featured_media":1161,"parent":0,"menu_order":0,"comment_status":"closed","ping_status":"closed","template":"full-width","meta":{"saved_in_kubio":true,"_seopress_robots_primary_cat":"","_seopress_titles_title":"Men\u00fa en espa\u00f1ol de la Brasserie alsacienne Les Dominicains","_seopress_titles_desc":"men\u00fa en espa\u00f1ol des Dominicains. D\u00e9couvrez la carte des softs, vins, bi\u00e8res, plats traditionnels alsaciens, tartes flamb\u00e9es et desserts faits maison.","_seopress_robots_index":"","_seopress_analysis_target_kw":"men\u00fa en espa\u00f1ol","footnotes":""},"class_list":["post-1086","page","type-page","status-publish","has-post-thumbnail","hentry"],"kubio_ai_page_context":{"short_desc":"","purpose":"general"},"_links":{"self":[{"href":"https:\/\/brasserie-dominicains.fr\/en\/wp-json\/wp\/v2\/pages\/1086","targetHints":{"allow":["GET"]}}],"collection":[{"href":"https:\/\/brasserie-dominicains.fr\/en\/wp-json\/wp\/v2\/pages"}],"about":[{"href":"https:\/\/brasserie-dominicains.fr\/en\/wp-json\/wp\/v2\/types\/page"}],"author":[{"embeddable":true,"href":"https:\/\/brasserie-dominicains.fr\/en\/wp-json\/wp\/v2\/users\/1"}],"replies":[{"embeddable":true,"href":"https:\/\/brasserie-dominicains.fr\/en\/wp-json\/wp\/v2\/comments?post=1086"}],"version-history":[{"count":11,"href":"https:\/\/brasserie-dominicains.fr\/en\/wp-json\/wp\/v2\/pages\/1086\/revisions"}],"predecessor-version":[{"id":1330,"href":"https:\/\/brasserie-dominicains.fr\/en\/wp-json\/wp\/v2\/pages\/1086\/revisions\/1330"}],"wp:featuredmedia":[{"embeddable":true,"href":"https:\/\/brasserie-dominicains.fr\/en\/wp-json\/wp\/v2\/media\/1161"}],"wp:attachment":[{"href":"https:\/\/brasserie-dominicains.fr\/en\/wp-json\/wp\/v2\/media?parent=1086"}],"curies":[{"name":"wp","href":"https:\/\/api.w.org\/{rel}","templated":true}]}}