{"id":1078,"date":"2025-11-13T17:57:06","date_gmt":"2025-11-13T16:57:06","guid":{"rendered":"https:\/\/brasserie-dominicains.fr\/?page_id=1078"},"modified":"2026-04-03T22:13:47","modified_gmt":"2026-04-03T20:13:47","slug":"english-menu","status":"publish","type":"page","link":"https:\/\/brasserie-dominicains.fr\/en\/english-menu\/","title":{"rendered":"English menu"},"content":{"rendered":"\n\n\n\n","protected":false},"excerpt":{"rendered":"","protected":false},"author":1,"featured_media":1161,"parent":0,"menu_order":0,"comment_status":"closed","ping_status":"closed","template":"full-width","meta":{"saved_in_kubio":true,"_seopress_robots_primary_cat":"","_seopress_titles_title":"Menu en anglais de la Brasserie Les Dominicains \u00e0 Colmar","_seopress_titles_desc":"English menu : d\u00e9couvrez la carte des Doms en anglais. Softs, vins, bi\u00e8res, plats traditionnels alsaciens, tartes flamb\u00e9es et desserts faits maison.","_seopress_robots_index":"","_seopress_analysis_target_kw":"english menu","footnotes":""},"class_list":["post-1078","page","type-page","status-publish","has-post-thumbnail","hentry"],"kubio_ai_page_context":{"short_desc":"","purpose":"general"},"_links":{"self":[{"href":"https:\/\/brasserie-dominicains.fr\/en\/wp-json\/wp\/v2\/pages\/1078","targetHints":{"allow":["GET"]}}],"collection":[{"href":"https:\/\/brasserie-dominicains.fr\/en\/wp-json\/wp\/v2\/pages"}],"about":[{"href":"https:\/\/brasserie-dominicains.fr\/en\/wp-json\/wp\/v2\/types\/page"}],"author":[{"embeddable":true,"href":"https:\/\/brasserie-dominicains.fr\/en\/wp-json\/wp\/v2\/users\/1"}],"replies":[{"embeddable":true,"href":"https:\/\/brasserie-dominicains.fr\/en\/wp-json\/wp\/v2\/comments?post=1078"}],"version-history":[{"count":10,"href":"https:\/\/brasserie-dominicains.fr\/en\/wp-json\/wp\/v2\/pages\/1078\/revisions"}],"predecessor-version":[{"id":1318,"href":"https:\/\/brasserie-dominicains.fr\/en\/wp-json\/wp\/v2\/pages\/1078\/revisions\/1318"}],"wp:featuredmedia":[{"embeddable":true,"href":"https:\/\/brasserie-dominicains.fr\/en\/wp-json\/wp\/v2\/media\/1161"}],"wp:attachment":[{"href":"https:\/\/brasserie-dominicains.fr\/en\/wp-json\/wp\/v2\/media?parent=1078"}],"curies":[{"name":"wp","href":"https:\/\/api.w.org\/{rel}","templated":true}]}}