{"id":1068,"date":"2025-11-13T17:47:59","date_gmt":"2025-11-13T16:47:59","guid":{"rendered":"https:\/\/brasserie-dominicains.fr\/?page_id=1068"},"modified":"2026-04-04T00:38:12","modified_gmt":"2026-04-03T22:38:12","slug":"speisekarte","status":"publish","type":"page","link":"https:\/\/brasserie-dominicains.fr\/en\/speisekarte\/","title":{"rendered":"Speisekarte"},"content":{"rendered":"\n\n\n\n","protected":false},"excerpt":{"rendered":"","protected":false},"author":1,"featured_media":0,"parent":0,"menu_order":0,"comment_status":"closed","ping_status":"closed","template":"full-width","meta":{"saved_in_kubio":true,"_seopress_robots_primary_cat":"","_seopress_titles_title":"Speisekarte menu en allemand de la Brasserie Les Dominicains","_seopress_titles_desc":"Speisekarte : menu en allemand des Dominicains. D\u00e9couvrez la carte des softs, vins, bi\u00e8res, plats alsaciens, tartes flamb\u00e9es et desserts","_seopress_robots_index":"","footnotes":""},"class_list":["post-1068","page","type-page","status-publish","hentry"],"kubio_ai_page_context":{"short_desc":"","purpose":"general"},"_links":{"self":[{"href":"https:\/\/brasserie-dominicains.fr\/en\/wp-json\/wp\/v2\/pages\/1068","targetHints":{"allow":["GET"]}}],"collection":[{"href":"https:\/\/brasserie-dominicains.fr\/en\/wp-json\/wp\/v2\/pages"}],"about":[{"href":"https:\/\/brasserie-dominicains.fr\/en\/wp-json\/wp\/v2\/types\/page"}],"author":[{"embeddable":true,"href":"https:\/\/brasserie-dominicains.fr\/en\/wp-json\/wp\/v2\/users\/1"}],"replies":[{"embeddable":true,"href":"https:\/\/brasserie-dominicains.fr\/en\/wp-json\/wp\/v2\/comments?post=1068"}],"version-history":[{"count":12,"href":"https:\/\/brasserie-dominicains.fr\/en\/wp-json\/wp\/v2\/pages\/1068\/revisions"}],"predecessor-version":[{"id":1323,"href":"https:\/\/brasserie-dominicains.fr\/en\/wp-json\/wp\/v2\/pages\/1068\/revisions\/1323"}],"wp:attachment":[{"href":"https:\/\/brasserie-dominicains.fr\/en\/wp-json\/wp\/v2\/media?parent=1068"}],"curies":[{"name":"wp","href":"https:\/\/api.w.org\/{rel}","templated":true}]}}