{"id":1061,"date":"2025-11-13T17:35:49","date_gmt":"2025-11-13T16:35:49","guid":{"rendered":"https:\/\/brasserie-dominicains.fr\/?page_id=1061"},"modified":"2026-04-03T16:55:34","modified_gmt":"2026-04-03T14:55:34","slug":"carte","status":"publish","type":"page","link":"https:\/\/brasserie-dominicains.fr\/en\/carte\/","title":{"rendered":"Notre carte"},"content":{"rendered":"\n\n\n\n","protected":false},"excerpt":{"rendered":"","protected":false},"author":1,"featured_media":0,"parent":0,"menu_order":0,"comment_status":"closed","ping_status":"closed","template":"full-width","meta":{"saved_in_kubio":true,"_seopress_robots_primary_cat":"","_seopress_titles_title":"Menu en fran\u00e7ais de la Brasserie Les Dominicains","_seopress_titles_desc":"Menu en fran\u00e7ais des Dominicains. D\u00e9couvrez la carte des softs, vins, bi\u00e8res artisanales, plats alsaciens, tartes flamb\u00e9es et desserts faits maison","_seopress_robots_index":"","_seopress_analysis_target_kw":"menu,francais,brasserie","footnotes":""},"class_list":["post-1061","page","type-page","status-publish","hentry"],"kubio_ai_page_context":{"short_desc":"","purpose":"general"},"_links":{"self":[{"href":"https:\/\/brasserie-dominicains.fr\/en\/wp-json\/wp\/v2\/pages\/1061","targetHints":{"allow":["GET"]}}],"collection":[{"href":"https:\/\/brasserie-dominicains.fr\/en\/wp-json\/wp\/v2\/pages"}],"about":[{"href":"https:\/\/brasserie-dominicains.fr\/en\/wp-json\/wp\/v2\/types\/page"}],"author":[{"embeddable":true,"href":"https:\/\/brasserie-dominicains.fr\/en\/wp-json\/wp\/v2\/users\/1"}],"replies":[{"embeddable":true,"href":"https:\/\/brasserie-dominicains.fr\/en\/wp-json\/wp\/v2\/comments?post=1061"}],"version-history":[{"count":16,"href":"https:\/\/brasserie-dominicains.fr\/en\/wp-json\/wp\/v2\/pages\/1061\/revisions"}],"predecessor-version":[{"id":1308,"href":"https:\/\/brasserie-dominicains.fr\/en\/wp-json\/wp\/v2\/pages\/1061\/revisions\/1308"}],"wp:attachment":[{"href":"https:\/\/brasserie-dominicains.fr\/en\/wp-json\/wp\/v2\/media?parent=1061"}],"curies":[{"name":"wp","href":"https:\/\/api.w.org\/{rel}","templated":true}]}}